{"id":23,"date":"2026-01-30T13:29:45","date_gmt":"2026-01-30T13:29:45","guid":{"rendered":"https:\/\/ai.swimrunyouthleague.lu\/angebote\/"},"modified":"2026-02-02T20:05:15","modified_gmt":"2026-02-02T20:05:15","slug":"angebote","status":"publish","type":"page","link":"https:\/\/ai.swimrunyouthleague.lu\/fr\/angebote\/","title":{"rendered":"R\u00c8GLEMENT"},"content":{"rendered":"<div class=\"wp-block-group alignfull is-style-ext-preset--group--natural-1--section has-background-background-color has-background has-global-padding is-layout-constrained wp-block-group-is-layout-constrained\" style=\"margin-top:0;margin-bottom:0;padding-top:var(--wp--preset--spacing--70);padding-bottom:var(--wp--preset--spacing--70)\">\n<div class=\"wp-block-columns alignwide are-vertically-aligned-center is-layout-flex wp-container-core-columns-is-layout-174606dc wp-block-columns-is-layout-flex\">\n<div class=\"wp-block-column is-vertically-aligned-center is-layout-flow wp-block-column-is-layout-flow\">\n<div class=\"wp-block-group alignwide is-vertical is-layout-flex wp-container-core-group-is-layout-c35747d5 wp-block-group-is-layout-flex\">\n<figure class=\"wp-block-image size-large wp-duotone-primary-foreground\"><img decoding=\"async\" src=\"data:image\/svg+xml;base64,PHN2ZyB4bWxucz0iaHR0cDovL3d3dy53My5vcmcvMjAwMC9zdmciIHdpZHRoPSI2NCIgaGVpZ2h0PSI2NCIgZmlsbD0iIzAwMDAwMCIgdmlld0JveD0iMCAwIDI1NiAyNTYiPjxwYXRoIGQ9Ik0xMTEuNDksNTIuNjNhMTUuOCwxNS44LDAsMCwwLTI2LDUuNzdMMzMsMjAyLjc4QTE1LjgzLDE1LjgzLDAsMCwwLDQ3Ljc2LDIyNGExNiwxNiwwLDAsMCw1LjQ2LTFsMTQ0LjM3LTUyLjVhMTUuOCwxNS44LDAsMCwwLDUuNzgtMjZabS04LjMzLDEzNS4yMS0zNS0zNSwxMy4xNi0zNi4yMSw1OC4wNSw1OC4wNVptLTU1LDIwLDE0LTM4LjQxLDI0LjQ1LDI0LjQ1Wk0xNTYsMTY4LjY0LDg3LjM2LDEwMGwxMy0zNS44Nyw5MS40Myw5MS40M1pNMTYwLDcyYTM3LjgsMzcuOCwwLDAsMSwzLjg0LTE1LjU4QzE2OS4xNCw0NS44MywxNzkuMTQsNDAsMTkyLDQwYzYuNywwLDExLTIuMjksMTMuNjUtNy4yMUEyMiwyMiwwLDAsMCwyMDgsMjMuOTQsOCw4LDAsMCwxLDIyNCwyNGMwLDEyLjg2LTguNTIsMzItMzIsMzItNi43LDAtMTEsMi4yOS0xMy42NSw3LjIxQTIyLDIyLDAsMCwwLDE3Niw3Mi4wNiw4LDgsMCwwLDEsMTYwLDcyWk0xMzYsNDBWMTZhOCw4LDAsMCwxLDE2LDBWNDBhOCw4LDAsMCwxLTE2LDBabTEwMS42Niw4Mi4zNGE4LDgsMCwxLDEtMTEuMzIsMTEuMzFsLTE2LTE2YTgsOCwwLDAsMSwxMS4zMi0xMS4zMlptNC44Ny00Mi43NS0yNCw4YTgsOCwwLDAsMS01LjA2LTE1LjE4bDI0LThhOCw4LDAsMCwxLDUuMDYsMTUuMThaIj48L3BhdGg+PC9zdmc+\" alt=\"\"\/><\/figure>\n\n\n\n<div class=\"wp-block-group has-global-padding is-layout-constrained wp-container-core-group-is-layout-dd32767c wp-block-group-is-layout-constrained\">\n<h2 class=\"wp-block-heading\">Du plaisir, la participation, l'esprit d'\u00e9quipe, des d\u00e9fis sportifs et quelques r\u00e8gles<\/h2>\n\n\n\n<p><strong>Pour QUI ?<\/strong><\/p>\n\n\n\n<p>La SWIMandRUN YouthLeague est ouverte aux jeunes \u00e2g\u00e9s de 6 \u00e0 17 ans. (Condition : savoir nager au moins 25 m en nage libre !) \u00c9galement <strong><em>les enfants et adolescents non licenci\u00e9s ont le droit de jouer<\/em><\/strong>.<\/p>\n\n\n\n<ul class=\"wp-block-list\">\n<li>Bambinis (6-7 ans, gar\u00e7ons et filles)<\/li>\n\n\n\n<li>KIDS B (8-9 ans, gar\u00e7ons et filles)<\/li>\n\n\n\n<li>KIDS A (10-11 ans, gar\u00e7ons et filles)<\/li>\n\n\n\n<li>YOUTH C (12-13 ans, gar\u00e7ons et filles) <\/li>\n\n\n\n<li>JEUNES B (14-15 ans, gar\u00e7ons et filles)<\/li>\n\n\n\n<li>YOUTH A (16-17 ans, gar\u00e7ons et filles) <\/li>\n<\/ul>\n\n\n\n<p><strong>DISTANCES \/ FORMATS<\/strong><\/p>\n\n\n\n<p>Pour plus d'informations, veuillez vous renseigner aupr\u00e8s de l'organisateur concern\u00e9. <\/p>\n\n\n\n<p><strong>CLASSEMENTS <\/strong>: <\/p>\n\n\n\n<ol class=\"wp-block-list\">\n<li><strong><em>CLASSEMENT DU JOUR  <\/em><\/strong>aux trois premiers de chaque cat\u00e9gorie (H\/F)<\/li>\n\n\n\n<li><strong><em>CLASSEMENT INDIVIDUEL<\/em><\/strong> (sous licence W.T.) dans le TOP 5 <strong>apr\u00e8s les 4 Youthevents.<\/strong> La participation aux 4 \u00e9preuves est obligatoire, selon un syst\u00e8me de points. Apr\u00e8s chaque \u00e9preuve, la 1re place rapporte 100 points, la 2e place 98 points, et ainsi de suite jusqu'\u00e0 la 50e place. \u00c0 partir de la 50e place, 2 points sont attribu\u00e9s.<\/li>\n\n\n\n<li><strong><em>CLASSEMENT PAR \u00c9QUIPES <\/em><\/strong> apr\u00e8s les 4 \u00e9v\u00e9nements<strong><em> pour chaque tranche d'\u00e2ge <\/em><\/strong>(H\/F). Prix pour les 3 premiers.<\/li>\n\n\n\n<li><strong><em>CLASSEMENT G\u00c9N\u00c9RAL PAR \u00c9QUIPES<\/em><\/strong> : Toutes les cat\u00e9gories (H\/F) sont regroup\u00e9es pour le classement. Le CLUB VAINQUEUR remporte une COUPE ITIN\u00c9RANTE.<\/li>\n<\/ol>\n<\/div>\n\n\n\n<div class=\"wp-block-buttons is-layout-flex wp-block-buttons-is-layout-flex\">\n<div class=\"wp-block-button is-style-ext-preset--button--natural-1--button-1 is-style-ext-preset--button--natural-1--button-1--2\"><a class=\"wp-block-button__link wp-element-button\" href=\"https:\/\/ai.swimrunyouthleague.lu\/fr\/kontakt\/\">D\u00e9couvrez-le d\u00e8s maintenant<\/a><\/div>\n<\/div>\n<\/div>\n<\/div>\n\n\n\n<div class=\"wp-block-column is-vertically-aligned-center is-layout-flow wp-block-column-is-layout-flow\">\n<figure class=\"wp-block-image is-style-ext-preset--image--natural-1--image-1--content-left is-style-ext-preset--image--natural-1--image-1--content-left--3\"><img loading=\"lazy\" decoding=\"async\" width=\"1024\" height=\"1024\" src=\"https:\/\/ai.swimrunyouthleague.lu\/wp-content\/uploads\/2026\/02\/image.jpg\" alt=\"\" class=\"wp-image-110\" style=\"aspect-ratio:4\/3;object-fit:cover\" srcset=\"https:\/\/ai.swimrunyouthleague.lu\/wp-content\/uploads\/2026\/02\/image.jpg 1024w, https:\/\/ai.swimrunyouthleague.lu\/wp-content\/uploads\/2026\/02\/image-300x300.jpg 300w, https:\/\/ai.swimrunyouthleague.lu\/wp-content\/uploads\/2026\/02\/image-150x150.jpg 150w, https:\/\/ai.swimrunyouthleague.lu\/wp-content\/uploads\/2026\/02\/image-768x768.jpg 768w, https:\/\/ai.swimrunyouthleague.lu\/wp-content\/uploads\/2026\/02\/image-12x12.jpg 12w\" sizes=\"auto, (max-width: 1024px) 100vw, 1024px\" \/><\/figure>\n<\/div>\n<\/div>\n<\/div>\n\n\n\n<div class=\"wp-block-group alignfull is-style-ext-preset--group--natural-1--section has-tertiary-background-color has-background has-global-padding is-layout-constrained wp-container-core-group-is-layout-e955bbaf wp-block-group-is-layout-constrained\" id=\"veranstaltungen\" style=\"margin-top:0;margin-bottom:0;padding-top:var(--wp--preset--spacing--70);padding-bottom:var(--wp--preset--spacing--70)\">\n<div class=\"wp-block-columns alignwide is-layout-flex wp-container-core-columns-is-layout-08c01c1c wp-block-columns-is-layout-flex\">\n<div class=\"wp-block-column is-layout-flow wp-block-column-is-layout-flow\">\n<div class=\"wp-block-group is-style-ext-preset--group--natural-1--item-card-1--align-start has-global-padding is-layout-constrained wp-block-group-is-layout-constrained is-style-ext-preset--group--natural-1--item-card-1--align-start--5\"><\/div>\n<\/div>\n\n\n\n<div class=\"wp-block-column is-layout-flow wp-block-column-is-layout-flow\"><\/div>\n\n\n\n<div class=\"wp-block-column is-layout-flow wp-block-column-is-layout-flow\"><\/div>\n<\/div>\n<\/div>\n\n\n\n<div class=\"wp-block-group alignfull is-style-ext-preset--group--natural-1--section has-background-background-color has-background has-global-padding is-layout-constrained wp-container-core-group-is-layout-e955bbaf wp-block-group-is-layout-constrained\" style=\"margin-top:0;margin-bottom:0;padding-top:var(--wp--preset--spacing--70);padding-bottom:var(--wp--preset--spacing--70)\"><\/div>","protected":false},"excerpt":{"rendered":"<p>Spa\u00df, Teilnahme,Teamgeist, sportliche Herausforderungen und ein paar Regeln F\u00fcr WEN ? Die SWIMandRUN YouthLeague ist offen ab 6 Jahren bis 17 Jahren. ( Bedingung , man kann mindestens 25m frei schwimmen !) Auch nicht lizensierte Kinder\/ Jugendliche sind starberechtigt. DISTANZEN \/ FORMATE Jeweils bei dem jeweiligem Veranstalter Infos nachlesen. WERTUNGEN :<\/p>","protected":false},"author":1,"featured_media":0,"parent":0,"menu_order":0,"comment_status":"closed","ping_status":"closed","template":"page-with-title","meta":{"_monsterinsights_skip_tracking":false,"_monsterinsights_sitenote_active":false,"_monsterinsights_sitenote_note":"","_monsterinsights_sitenote_category":0,"footnotes":""},"class_list":["post-23","page","type-page","status-publish","hentry"],"aioseo_notices":[],"_links":{"self":[{"href":"https:\/\/ai.swimrunyouthleague.lu\/fr\/wp-json\/wp\/v2\/pages\/23","targetHints":{"allow":["GET"]}}],"collection":[{"href":"https:\/\/ai.swimrunyouthleague.lu\/fr\/wp-json\/wp\/v2\/pages"}],"about":[{"href":"https:\/\/ai.swimrunyouthleague.lu\/fr\/wp-json\/wp\/v2\/types\/page"}],"author":[{"embeddable":true,"href":"https:\/\/ai.swimrunyouthleague.lu\/fr\/wp-json\/wp\/v2\/users\/1"}],"replies":[{"embeddable":true,"href":"https:\/\/ai.swimrunyouthleague.lu\/fr\/wp-json\/wp\/v2\/comments?post=23"}],"version-history":[{"count":11,"href":"https:\/\/ai.swimrunyouthleague.lu\/fr\/wp-json\/wp\/v2\/pages\/23\/revisions"}],"predecessor-version":[{"id":111,"href":"https:\/\/ai.swimrunyouthleague.lu\/fr\/wp-json\/wp\/v2\/pages\/23\/revisions\/111"}],"wp:attachment":[{"href":"https:\/\/ai.swimrunyouthleague.lu\/fr\/wp-json\/wp\/v2\/media?parent=23"}],"curies":[{"name":"wp","href":"https:\/\/api.w.org\/{rel}","templated":true}]}}